{"id":12,"date":"2024-11-05T17:35:04","date_gmt":"2024-11-05T17:35:04","guid":{"rendered":"https:\/\/krausskinnisvara.ee\/?page_id=12"},"modified":"2025-10-22T09:04:34","modified_gmt":"2025-10-22T09:04:34","slug":"404-2","status":"publish","type":"page","link":"https:\/\/krausskinnisvara.ee\/en\/404-2\/","title":{"rendered":"404"},"content":{"rendered":"<div class=\"wp-block-kadence-column kadence-column12_c952a6-bd\"><div class=\"kt-inside-inner-col\"><h2 class=\"has-text-align-center wp-block-post-title\">404<\/h2>\n\n\n<h2 class=\"kt-adv-heading12_89acaa-f6 wp-block-kadence-advancedheading\" data-kb-block=\"kb-adv-heading12_89acaa-f6\">Oops, parece que te has perdido&#8230;<\/h2>\n\n\n\n<p class=\"has-text-align-center\">La p\u00e1gina que buscas no est\u00e1 disponible. Puede que el enlace est\u00e9 roto o que la p\u00e1gina haya sido movida.<\/p>\n\n\n\n<p class=\"has-text-align-center\">No te preocupes, estamos aqu\u00ed para ayudarte a volver al buen camino:<\/p>\n\n\n\n<p class=\"has-text-align-center\">Puedes volver a la <strong><a href=\"https:\/\/krausskinnisvara.ee\/?page_id=44\" data-type=\"page\" data-id=\"44\">p\u00e1gina de inicio<\/a>.<\/strong><\/p>\n\n\n\n<p class=\"has-text-align-center\">Si sigues teniendo problemas, cont\u00e1ctanos y nos aseguraremos de guiarte.<\/p>\n\n\n\n<p class=\"has-text-align-center\">Gracias por tu paciencia y perd\u00f3n por las molestias. \u00a1Sigue explorando y encontraremos lo que necesitas!<\/p>\n<\/div><\/div>","protected":false},"excerpt":{"rendered":"","protected":false},"author":1,"featured_media":0,"parent":0,"menu_order":28,"comment_status":"closed","ping_status":"closed","template":"","meta":{"_acf_changed":false,"footnotes":""},"categories":[],"tags":[150],"class_list":["post-12","page","type-page","status-publish","hentry","tag-first-page"],"acf":[],"_links":{"self":[{"href":"https:\/\/krausskinnisvara.ee\/en\/wp-json\/wp\/v2\/pages\/12","targetHints":{"allow":["GET"]}}],"collection":[{"href":"https:\/\/krausskinnisvara.ee\/en\/wp-json\/wp\/v2\/pages"}],"about":[{"href":"https:\/\/krausskinnisvara.ee\/en\/wp-json\/wp\/v2\/types\/page"}],"author":[{"embeddable":true,"href":"https:\/\/krausskinnisvara.ee\/en\/wp-json\/wp\/v2\/users\/1"}],"replies":[{"embeddable":true,"href":"https:\/\/krausskinnisvara.ee\/en\/wp-json\/wp\/v2\/comments?post=12"}],"version-history":[{"count":0,"href":"https:\/\/krausskinnisvara.ee\/en\/wp-json\/wp\/v2\/pages\/12\/revisions"}],"wp:attachment":[{"href":"https:\/\/krausskinnisvara.ee\/en\/wp-json\/wp\/v2\/media?parent=12"}],"wp:term":[{"taxonomy":"category","embeddable":true,"href":"https:\/\/krausskinnisvara.ee\/en\/wp-json\/wp\/v2\/categories?post=12"},{"taxonomy":"post_tag","embeddable":true,"href":"https:\/\/krausskinnisvara.ee\/en\/wp-json\/wp\/v2\/tags?post=12"}],"curies":[{"name":"wp","href":"https:\/\/api.w.org\/{rel}","templated":true}]}}