{"id":20,"date":"2024-11-05T18:05:48","date_gmt":"2024-11-05T18:05:48","guid":{"rendered":"https:\/\/krausskinnisvara.ee\/?page_id=20"},"modified":"2026-01-15T11:05:30","modified_gmt":"2026-01-15T11:05:30","slug":"proteccion-de-datos","status":"publish","type":"page","link":"https:\/\/krausskinnisvara.ee\/en\/proteccion-de-datos\/","title":{"rendered":"Data Protection"},"content":{"rendered":"<p><br><br><br><strong>DATA PROTECTION<\/strong><\/p>\n\n\n\n<p>At Krauss Kinnisvara O\u00dc, your privacy and data security are our top priority.<\/p>\n\n\n\n<p>Real estate transactions are built on trust. We collect and process your data solely to provide high-quality brokerage services, helping you find the right home or a buyer for your property.<\/p>\n\n\n\n<p>Our data protection principles:<\/p>\n\n\n\n<p>Security first. We use modern and secure IT solutions and a CRM system to store your data, accessible only to authorized personnel.<\/p>\n\n\n\n<p>No spam. We do not burden you with excessive information noise. We only send offers that match your criteria or for which you have given prior consent.<\/p>\n\n\n\n<p>Data is not for sale. We confirm that Krauss Kinnisvara O\u00dc does not sell or rent your contact information to third parties for advertising purposes.<\/p>\n\n\n\n<p>Transparency. You always have control over your data and the right to know how we use your information.<\/p>","protected":false},"excerpt":{"rendered":"<p>ANDMEKAITSE Krauss Kinnisvara O\u00dc jaoks on teie privaatsus ja andmete turvalisus esmat\u00e4htis. Kinnisvaratehingud p\u00f5hinevad usaldusel. Kogume ja t\u00f6\u00f6tleme teie andmeid vaid selleks, et pakkuda teile kvaliteetset maaklerteenust, aidata leida sobiv kodu v\u00f5i leida ostja teie kinnisvarale. Meie p\u00f5him\u00f5tted andmete kaitsmisel: Turvalisus ennek\u00f5ike. Kasutame teie andmete hoidmiseks kaasaegseid ja turvalisi infotehnoloogilisi lahendusi ning CRM-s\u00fcsteeme, millele on [&hellip;]<\/p>\n","protected":false},"author":1,"featured_media":0,"parent":0,"menu_order":23,"comment_status":"closed","ping_status":"closed","template":"","meta":{"_acf_changed":false,"footnotes":""},"categories":[],"tags":[152],"class_list":["post-20","page","type-page","status-publish","hentry","tag-politic"],"acf":[],"_links":{"self":[{"href":"https:\/\/krausskinnisvara.ee\/en\/wp-json\/wp\/v2\/pages\/20","targetHints":{"allow":["GET"]}}],"collection":[{"href":"https:\/\/krausskinnisvara.ee\/en\/wp-json\/wp\/v2\/pages"}],"about":[{"href":"https:\/\/krausskinnisvara.ee\/en\/wp-json\/wp\/v2\/types\/page"}],"author":[{"embeddable":true,"href":"https:\/\/krausskinnisvara.ee\/en\/wp-json\/wp\/v2\/users\/1"}],"replies":[{"embeddable":true,"href":"https:\/\/krausskinnisvara.ee\/en\/wp-json\/wp\/v2\/comments?post=20"}],"version-history":[{"count":2,"href":"https:\/\/krausskinnisvara.ee\/en\/wp-json\/wp\/v2\/pages\/20\/revisions"}],"predecessor-version":[{"id":11273,"href":"https:\/\/krausskinnisvara.ee\/en\/wp-json\/wp\/v2\/pages\/20\/revisions\/11273"}],"wp:attachment":[{"href":"https:\/\/krausskinnisvara.ee\/en\/wp-json\/wp\/v2\/media?parent=20"}],"wp:term":[{"taxonomy":"category","embeddable":true,"href":"https:\/\/krausskinnisvara.ee\/en\/wp-json\/wp\/v2\/categories?post=20"},{"taxonomy":"post_tag","embeddable":true,"href":"https:\/\/krausskinnisvara.ee\/en\/wp-json\/wp\/v2\/tags?post=20"}],"curies":[{"name":"wp","href":"https:\/\/api.w.org\/{rel}","templated":true}]}}