{"id":16,"date":"2024-11-05T18:01:58","date_gmt":"2024-11-05T18:01:58","guid":{"rendered":"https:\/\/krausskinnisvara.ee\/?page_id=16"},"modified":"2026-01-15T11:03:19","modified_gmt":"2026-01-15T11:03:19","slug":"politica-de-privacidad","status":"publish","type":"page","link":"https:\/\/krausskinnisvara.ee\/ru\/politica-de-privacidad\/","title":{"rendered":"\u041f\u043e\u043b\u0438\u0442\u0438\u043a\u0430 \u043a\u043e\u043d\u0444\u0438\u0434\u0435\u043d\u0446\u0438\u0430\u043b\u044c\u043d\u043e\u0441\u0442\u0438"},"content":{"rendered":"<h2 class=\"wp-block-heading\"><br><br>\u041f\u043e\u043b\u0438\u0442\u0438\u043a\u0430 \u043a\u043e\u043d\u0444\u0438\u0434\u0435\u043d\u0446\u0438\u0430\u043b\u044c\u043d\u043e\u0441\u0442\u0438<\/h2>\n\n\n\n<p><br><br>1. \u041e\u0431\u0449\u0438\u0435 \u043f\u043e\u043b\u043e\u0436\u0435\u043d\u0438\u044f<\/p>\n\n\n\n<p>\u0414\u0430\u043d\u043d\u0430\u044f \u043f\u043e\u043b\u0438\u0442\u0438\u043a\u0430 \u043a\u043e\u043d\u0444\u0438\u0434\u0435\u043d\u0446\u0438\u0430\u043b\u044c\u043d\u043e\u0441\u0442\u0438 \u043e\u043f\u0438\u0441\u044b\u0432\u0430\u0435\u0442, \u043a\u0430\u043a Krauss Kinnisvara O\u00dc (\u0434\u0430\u043b\u0435\u0435 \u00ab\u041c\u044b\u00bb) \u043e\u0431\u0440\u0430\u0431\u0430\u0442\u044b\u0432\u0430\u0435\u0442 \u043f\u0435\u0440\u0441\u043e\u043d\u0430\u043b\u044c\u043d\u044b\u0435 \u0434\u0430\u043d\u043d\u044b\u0435 \u043a\u043b\u0438\u0435\u043d\u0442\u043e\u0432 \u0438 \u043f\u043e\u0441\u0435\u0442\u0438\u0442\u0435\u043b\u0435\u0439 \u0441\u0430\u0439\u0442\u0430. \u041f\u0440\u0438 \u043e\u0431\u0440\u0430\u0431\u043e\u0442\u043a\u0435 \u0434\u0430\u043d\u043d\u044b\u0445 \u043c\u044b \u0440\u0443\u043a\u043e\u0432\u043e\u0434\u0441\u0442\u0432\u0443\u0435\u043c\u0441\u044f \u041e\u0431\u0449\u0438\u043c \u0440\u0435\u0433\u043b\u0430\u043c\u0435\u043d\u0442\u043e\u043c \u0415\u0421 \u043e \u0437\u0430\u0449\u0438\u0442\u0435 \u043f\u0435\u0440\u0441\u043e\u043d\u0430\u043b\u044c\u043d\u044b\u0445 \u0434\u0430\u043d\u043d\u044b\u0445 (GDPR) \u0438 \u0417\u0430\u043a\u043e\u043d\u043e\u043c \u043e \u0437\u0430\u0449\u0438\u0442\u0435 \u043f\u0435\u0440\u0441\u043e\u043d\u0430\u043b\u044c\u043d\u044b\u0445 \u0434\u0430\u043d\u043d\u044b\u0445 \u042d\u0441\u0442\u043e\u043d\u0441\u043a\u043e\u0439 \u0420\u0435\u0441\u043f\u0443\u0431\u043b\u0438\u043a\u0438.<\/p>\n\n\n\n<p>2. \u041e\u0442\u0432\u0435\u0442\u0441\u0442\u0432\u0435\u043d\u043d\u044b\u0439 \u043e\u0431\u0440\u0430\u0431\u043e\u0442\u0447\u0438\u043a<\/p>\n\n\n\n<p>\u041e\u0442\u0432\u0435\u0442\u0441\u0442\u0432\u0435\u043d\u043d\u044b\u043c \u043e\u0431\u0440\u0430\u0431\u043e\u0442\u0447\u0438\u043a\u043e\u043c \u044f\u0432\u043b\u044f\u0435\u0442\u0441\u044f:<\/p>\n\n\n\n<p>\u041d\u0430\u0437\u0432\u0430\u043d\u0438\u0435: Krauss Kinnisvara O\u00dc<\/p>\n\n\n\n<p>\u0420\u0435\u0433. \u043a\u043e\u0434: 12249271<\/p>\n\n\n\n<p>\u0410\u0434\u0440\u0435\u0441: Vesilennuki tn 18, P\u00f5hja-Tallinna linnaosa, 10415 Tallinn, Harju maakond<\/p>\n\n\n\n<p>e-mail: kodu@krausskinnisvara.ee<\/p>\n\n\n\n<p>\u0422\u0435\u043b\u0435\u0444\u043e\u043d: +372 5685 5814<\/p>\n\n\n\n<p>3. \u041a\u0430\u043a\u0438\u0435 \u0434\u0430\u043d\u043d\u044b\u0435 \u043c\u044b \u0441\u043e\u0431\u0438\u0440\u0430\u0435\u043c?<\/p>\n\n\n\n<p>\u041c\u044b \u0441\u043e\u0431\u0438\u0440\u0430\u0435\u043c \u0434\u0430\u043d\u043d\u044b\u0435, \u043d\u0435\u043e\u0431\u0445\u043e\u0434\u0438\u043c\u044b\u0435 \u0434\u043b\u044f \u043e\u043a\u0430\u0437\u0430\u043d\u0438\u044f \u0443\u0441\u043b\u0443\u0433 \u0432 \u0441\u0444\u0435\u0440\u0435 \u043d\u0435\u0434\u0432\u0438\u0436\u0438\u043c\u043e\u0441\u0442\u0438 \u0438 \u043e\u0431\u0449\u0435\u043d\u0438\u044f \u0441 \u043a\u043b\u0438\u0435\u043d\u0442\u0430\u043c\u0438:<\/p>\n\n\n\n<p>\u041f\u0435\u0440\u0441\u043e\u043d\u0430\u043b\u044c\u043d\u044b\u0435 \u0434\u0430\u043d\u043d\u044b\u0435: \u0438\u043c\u044f \u0438 \u0444\u0430\u043c\u0438\u043b\u0438\u044f, \u043b\u0438\u0447\u043d\u044b\u0439 \u043a\u043e\u0434 (\u043d\u0435\u043e\u0431\u0445\u043e\u0434\u0438\u043c \u0434\u043b\u044f \u0437\u0430\u043a\u043b\u044e\u0447\u0435\u043d\u0438\u044f \u0434\u043e\u0433\u043e\u0432\u043e\u0440\u043e\u0432 \u0438 \u043f\u043e\u0434\u0433\u043e\u0442\u043e\u0432\u043a\u0438 \u043d\u043e\u0442\u0430\u0440\u0438\u0430\u043b\u044c\u043d\u044b\u0445 \u0441\u0434\u0435\u043b\u043e\u043a).<\/p>\n\n\n\n<p>\u041a\u043e\u043d\u0442\u0430\u043a\u0442\u043d\u044b\u0435 \u0434\u0430\u043d\u043d\u044b\u0435: \u043d\u043e\u043c\u0435\u0440 \u0442\u0435\u043b\u0435\u0444\u043e\u043d\u0430, \u0430\u0434\u0440\u0435\u0441 \u044d\u043b\u0435\u043a\u0442\u0440\u043e\u043d\u043d\u043e\u0439 \u043f\u043e\u0447\u0442\u044b.<\/p>\n\n\n\n<p>\u041f\u0440\u0435\u0434\u043f\u043e\u0447\u0442\u0435\u043d\u0438\u044f \u043f\u043e \u043d\u0435\u0434\u0432\u0438\u0436\u0438\u043c\u043e\u0441\u0442\u0438: \u043f\u0440\u0435\u0434\u043e\u0441\u0442\u0430\u0432\u043b\u0435\u043d\u043d\u0430\u044f \u0432\u0430\u043c\u0438 \u0438\u043d\u0444\u043e\u0440\u043c\u0430\u0446\u0438\u044f \u043e\u0431 \u0438\u0441\u043a\u043e\u043c\u043e\u043c \u043e\u0431\u044a\u0435\u043a\u0442\u0435 (\u0431\u044e\u0434\u0436\u0435\u0442, \u0440\u0430\u0439\u043e\u043d, \u043a\u043e\u043b\u0438\u0447\u0435\u0441\u0442\u0432\u043e \u043a\u043e\u043c\u043d\u0430\u0442 \u0438 \u0442.\u0434.).<\/p>\n\n\n\n<p>\u0422\u0435\u0445\u043d\u0438\u0447\u0435\u0441\u043a\u0438\u0435 \u0434\u0430\u043d\u043d\u044b\u0435: IP-\u0430\u0434\u0440\u0435\u0441, \u0444\u0430\u0439\u043b\u044b cookies, \u0438\u043d\u0444\u043e\u0440\u043c\u0430\u0446\u0438\u044f \u043e \u043f\u0440\u043e\u0441\u043c\u043e\u0442\u0440\u0435 \u0432\u0435\u0431-\u0441\u0442\u0440\u0430\u043d\u0438\u0446\u044b.<\/p>\n\n\n\n<p>4. \u041a\u0430\u043a \u043c\u044b \u0441\u043e\u0431\u0438\u0440\u0430\u0435\u043c \u0434\u0430\u043d\u043d\u044b\u0435?<\/p>\n\n\n\n<p>\u041c\u044b \u043f\u043e\u043b\u0443\u0447\u0430\u0435\u043c \u0434\u0430\u043d\u043d\u044b\u0435 \u0438\u0437 \u0441\u043b\u0435\u0434\u0443\u044e\u0449\u0438\u0445 \u0438\u0441\u0442\u043e\u0447\u043d\u0438\u043a\u043e\u0432:<\/p>\n\n\n\n<p>\u041a\u043e\u0433\u0434\u0430 \u0432\u044b \u0437\u0430\u043f\u043e\u043b\u043d\u044f\u0435\u0442\u0435 \u0444\u043e\u0440\u043c\u0443 \u043e\u0431\u0440\u0430\u0442\u043d\u043e\u0439 \u0441\u0432\u044f\u0437\u0438 \u043d\u0430 \u0441\u0430\u0439\u0442\u0435, \u043e\u0442\u043f\u0440\u0430\u0432\u043b\u044f\u0435\u0442\u0435 \u043d\u0430\u043c e-mail, \u0437\u0432\u043e\u043d\u0438\u0442\u0435 \u0438\u043b\u0438 \u0437\u0430\u043f\u043e\u043b\u043d\u044f\u0435\u0442\u0435 \u0444\u043e\u0440\u043c\u044b \u0437\u0430\u043f\u0440\u043e\u0441\u043e\u0432 \u0432 \u0441\u043e\u0446\u0438\u0430\u043b\u044c\u043d\u044b\u0445 \u0441\u0435\u0442\u044f\u0445 (Facebook\/Instagram Lead Forms).<\/p>\n\n\n\n<p>\u0410\u0432\u0442\u043e\u043c\u0430\u0442\u0438\u0447\u0435\u0441\u043a\u0438: \u043f\u0440\u0438 \u043f\u043e\u0441\u0435\u0449\u0435\u043d\u0438\u0438 \u0441\u0430\u0439\u0442\u0430 \u043c\u044b \u0441\u043e\u0431\u0438\u0440\u0430\u0435\u043c \u0438\u043d\u0444\u043e\u0440\u043c\u0430\u0446\u0438\u044e \u0441 \u043f\u043e\u043c\u043e\u0449\u044c\u044e \u0444\u0430\u0439\u043b\u043e\u0432 cookies \u0438 \u043f\u0438\u043a\u0441\u0435\u043b\u0435\u0439 (Facebook Pixel, Google Analytics) \u0434\u043b\u044f \u0443\u043b\u0443\u0447\u0448\u0435\u043d\u0438\u044f \u043f\u043e\u043b\u044c\u0437\u043e\u0432\u0430\u0442\u0435\u043b\u044c\u0441\u043a\u043e\u0433\u043e \u043e\u043f\u044b\u0442\u0430.<\/p>\n\n\n\n<p>5. \u0417\u0430\u0447\u0435\u043c \u043c\u044b \u043e\u0431\u0440\u0430\u0431\u0430\u0442\u044b\u0432\u0430\u0435\u043c \u0432\u0430\u0448\u0438 \u0434\u0430\u043d\u043d\u044b\u0435?&nbsp;<\/p>\n\n\n\n<p>(\u0426\u0435\u043b\u0438)<\/p>\n\n\n\n<p>\u041c\u044b \u043e\u0431\u0440\u0430\u0431\u0430\u0442\u044b\u0432\u0430\u0435\u043c \u0432\u0430\u0448\u0438 \u0434\u0430\u043d\u043d\u044b\u0435 \u043d\u0430 \u0441\u043b\u0435\u0434\u0443\u044e\u0449\u0438\u0445 \u0446\u0435\u043b\u044f\u0445 \u0438 \u0437\u0430\u043a\u043e\u043d\u043d\u044b\u0445 \u043e\u0441\u043d\u043e\u0432\u0430\u043d\u0438\u044f\u0445:<\/p>\n\n\n\n<p>\u041e\u0442\u0432\u0435\u0442\u044b \u043d\u0430 \u0437\u0430\u043f\u0440\u043e\u0441\u044b \u0438 \u043e\u043a\u0430\u0437\u0430\u043d\u0438\u0435 \u0443\u0441\u043b\u0443\u0433: \u041e\u0442\u0432\u0435\u0442\u044b \u043d\u0430 \u0432\u0430\u0448\u0438 \u043e\u0431\u0440\u0430\u0449\u0435\u043d\u0438\u044f \u0438 \u043a\u043e\u043d\u0441\u0443\u043b\u044c\u0442\u0430\u0446\u0438\u0438 \u043d\u0430 \u043e\u0441\u043d\u043e\u0432\u0430\u043d\u0438\u0438 \u0432\u0430\u0448\u0435\u0433\u043e \u0441\u043e\u0433\u043b\u0430\u0441\u0438\u044f.<\/p>\n\n\n\n<p>\u0423\u043f\u0440\u0430\u0432\u043b\u0435\u043d\u0438\u0435 \u043e\u0442\u043d\u043e\u0448\u0435\u043d\u0438\u044f\u043c\u0438 \u0441 \u043a\u043b\u0438\u0435\u043d\u0442\u0430\u043c\u0438: \u041c\u044b \u0438\u0441\u043f\u043e\u043b\u044c\u0437\u0443\u0435\u043c CRM-\u0441\u0438\u0441\u0442\u0435\u043c\u0443 Pipedrive \u0434\u043b\u044f \u0432\u0435\u0434\u0435\u043d\u0438\u044f \u0438\u0441\u0442\u043e\u0440\u0438\u0438 \u043e\u0431\u0449\u0435\u043d\u0438\u044f \u0438 \u043e\u0431\u0435\u0441\u043f\u0435\u0447\u0435\u043d\u0438\u044f \u043a\u0430\u0447\u0435\u0441\u0442\u0432\u0435\u043d\u043d\u043e\u0433\u043e \u0441\u0435\u0440\u0432\u0438\u0441\u0430.<\/p>\n\n\n\n<p>\u041c\u0430\u0440\u043a\u0435\u0442\u0438\u043d\u0433: \u041e\u0442\u043f\u0440\u0430\u0432\u043a\u0430 \u043f\u043e\u0434\u0445\u043e\u0434\u044f\u0449\u0438\u0445 \u043f\u0440\u0435\u0434\u043b\u043e\u0436\u0435\u043d\u0438\u0439 \u043f\u043e \u043d\u0435\u0434\u0432\u0438\u0436\u0438\u043c\u043e\u0441\u0442\u0438 \u0438 \u043f\u043e\u043a\u0430\u0437 \u0430\u043a\u0442\u0443\u0430\u043b\u044c\u043d\u043e\u0439 \u0440\u0435\u043a\u043b\u0430\u043c\u044b (Facebook Pixel \u0438 Google Analytics). \u0414\u0435\u044f\u0442\u0435\u043b\u044c\u043d\u043e\u0441\u0442\u044c \u043d\u0430 \u043e\u0441\u043d\u043e\u0432\u0430\u043d\u0438\u0438 \u0432\u0430\u0448\u0435\u0433\u043e \u0441\u043e\u0433\u043b\u0430\u0441\u0438\u044f.<\/p>\n\n\n\n<p>\u0418\u0441\u043f\u043e\u043b\u043d\u0435\u043d\u0438\u0435 \u0434\u043e\u0433\u043e\u0432\u043e\u0440\u043e\u0432: \u042e\u0440\u0438\u0434\u0438\u0447\u0435\u0441\u043a\u0438\u0435 \u043e\u0431\u044f\u0437\u0430\u0442\u0435\u043b\u044c\u0441\u0442\u0432\u0430 (\u043d\u0430\u043f\u0440\u0438\u043c\u0435\u0440, \u043f\u043e\u0434\u0433\u043e\u0442\u043e\u0432\u043a\u0430 \u0434\u043e\u0433\u043e\u0432\u043e\u0440\u043e\u0432 \u043a\u0443\u043f\u043b\u0438-\u043f\u0440\u043e\u0434\u0430\u0436\u0438 \u0438 \u0438\u0445 \u043f\u0435\u0440\u0435\u0434\u0430\u0447\u0430 \u043d\u043e\u0442\u0430\u0440\u0438\u0443\u0441\u0443).<\/p>\n\n\n\n<p>6. \u041a\u043e\u043c\u0443 \u043c\u044b \u043f\u0435\u0440\u0435\u0434\u0430\u0435\u043c \u0434\u0430\u043d\u043d\u044b\u0435?<\/p>\n\n\n\n<p>\u041c\u044b \u0445\u0440\u0430\u043d\u0438\u043c \u0432\u0430\u0448\u0438 \u0434\u0430\u043d\u043d\u044b\u0435 \u043a\u043e\u043d\u0444\u0438\u0434\u0435\u043d\u0446\u0438\u0430\u043b\u044c\u043d\u043e. \u041c\u044b \u043f\u0435\u0440\u0435\u0434\u0430\u0435\u043c \u0438\u0445 \u0442\u0440\u0435\u0442\u044c\u0438\u043c \u043b\u0438\u0446\u0430\u043c (\u0443\u043f\u043e\u043b\u043d\u043e\u043c\u043e\u0447\u0435\u043d\u043d\u044b\u043c \u043e\u0431\u0440\u0430\u0431\u043e\u0442\u0447\u0438\u043a\u0430\u043c) \u0442\u043e\u043b\u044c\u043a\u043e \u0432 \u043e\u0431\u044a\u0435\u043c\u0435, \u043d\u0435\u043e\u0431\u0445\u043e\u0434\u0438\u043c\u043e\u043c \u0434\u043b\u044f \u043e\u043a\u0430\u0437\u0430\u043d\u0438\u044f \u0443\u0441\u043b\u0443\u0433\u0438:<\/p>\n\n\n\n<p>IT- \u0438 \u043c\u0430\u0440\u043a\u0435\u0442\u0438\u043d\u0433\u043e\u0432\u044b\u0435 \u043f\u0430\u0440\u0442\u043d\u0435\u0440\u044b: Pipedrive, Meta (Facebook\/Instagram), Google, \u043f\u0440\u043e\u0432\u0430\u0439\u0434\u0435\u0440\u044b \u0432\u0435\u0431-\u0445\u043e\u0441\u0442\u0438\u043d\u0433\u0430.<\/p>\n\n\n\n<p>\u0413\u043e\u0441\u0443\u0447\u0440\u0435\u0436\u0434\u0435\u043d\u0438\u044f \u0438 \u043d\u043e\u0442\u0430\u0440\u0438\u0443\u0441\u044b: \u0414\u043b\u044f \u044e\u0440\u0438\u0434\u0438\u0447\u0435\u0441\u043a\u043e\u0433\u043e \u043e\u0444\u043e\u0440\u043c\u043b\u0435\u043d\u0438\u044f \u0441\u0434\u0435\u043b\u043e\u043a \u0441 \u043d\u0435\u0434\u0432\u0438\u0436\u0438\u043c\u043e\u0441\u0442\u044c\u044e.<\/p>\n\n\n\n<p>\u0411\u0430\u043d\u043a\u0438: \u0421 \u0432\u0430\u0448\u0435\u0433\u043e \u0441\u043e\u0433\u043b\u0430\u0441\u0438\u044f \u0434\u043b\u044f \u043e\u0446\u0435\u043d\u043a\u0438 \u043a\u0440\u0435\u0434\u0438\u0442\u043e\u0441\u043f\u043e\u0441\u043e\u0431\u043d\u043e\u0441\u0442\u0438 \u0438\u043b\u0438 \u043f\u043e\u043b\u0443\u0447\u0435\u043d\u0438\u044f \u043f\u0440\u0435\u0434\u043b\u043e\u0436\u0435\u043d\u0438\u0439 \u043f\u043e \u043a\u0430\u043c\u043f\u0430\u043d\u0438\u044f\u043c.<\/p>\n\n\n\n<p>\u041c\u044b \u043d\u0435 \u043f\u0440\u043e\u0434\u0430\u0435\u043c \u0438 \u043d\u0435 \u043f\u0435\u0440\u0435\u0434\u0430\u0435\u043c \u0432\u0430\u0448\u0438 \u043f\u0435\u0440\u0441\u043e\u043d\u0430\u043b\u044c\u043d\u044b\u0435 \u0434\u0430\u043d\u043d\u044b\u0435 \u0442\u0440\u0435\u0442\u044c\u0438\u043c \u043b\u0438\u0446\u0430\u043c \u0434\u043b\u044f \u0438\u0441\u043f\u043e\u043b\u044c\u0437\u043e\u0432\u0430\u043d\u0438\u044f \u0432 \u043c\u0430\u0440\u043a\u0435\u0442\u0438\u043d\u0433\u043e\u0432\u044b\u0445 \u0446\u0435\u043b\u044f\u0445 \u0431\u0435\u0437 \u0432\u0430\u0448\u0435\u0433\u043e \u044f\u0432\u043d\u043e\u0433\u043e \u0441\u043e\u0433\u043b\u0430\u0441\u0438\u044f.<\/p>\n\n\n\n<p>7. \u0411\u0435\u0437\u043e\u043f\u0430\u0441\u043d\u043e\u0441\u0442\u044c \u0438 \u0445\u0440\u0430\u043d\u0435\u043d\u0438\u0435 \u0434\u0430\u043d\u043d\u044b\u0445<\/p>\n\n\n\n<p>\u041c\u044b \u043f\u0440\u0438\u043c\u0435\u043d\u044f\u0435\u043c \u0441\u043e\u043e\u0442\u0432\u0435\u0442\u0441\u0442\u0432\u0443\u044e\u0449\u0438\u0435 \u0442\u0435\u0445\u043d\u0438\u0447\u0435\u0441\u043a\u0438\u0435 \u0438 \u043e\u0440\u0433\u0430\u043d\u0438\u0437\u0430\u0446\u0438\u043e\u043d\u043d\u044b\u0435 \u043c\u0435\u0440\u044b \u0434\u043b\u044f \u0437\u0430\u0449\u0438\u0442\u044b \u043f\u0435\u0440\u0441\u043e\u043d\u0430\u043b\u044c\u043d\u044b\u0445 \u0434\u0430\u043d\u043d\u044b\u0445 \u043e\u0442 \u0441\u043b\u0443\u0447\u0430\u0439\u043d\u043e\u0433\u043e \u0438\u043b\u0438 \u043d\u0435\u0437\u0430\u043a\u043e\u043d\u043d\u043e\u0433\u043e \u0443\u043d\u0438\u0447\u0442\u043e\u0436\u0435\u043d\u0438\u044f, \u0443\u0442\u0440\u0430\u0442\u044b \u0438\u043b\u0438 \u043d\u0435\u0441\u0430\u043d\u043a\u0446\u0438\u043e\u043d\u0438\u0440\u043e\u0432\u0430\u043d\u043d\u043e\u0433\u043e \u0434\u043e\u0441\u0442\u0443\u043f\u0430.<\/p>\n\n\n\n<p>\u041c\u044b \u0445\u0440\u0430\u043d\u0438\u043c \u0434\u0430\u043d\u043d\u044b\u0435 \u0434\u043e \u0442\u0435\u0445 \u043f\u043e\u0440, \u043f\u043e\u043a\u0430 \u044d\u0442\u043e \u043d\u0435\u043e\u0431\u0445\u043e\u0434\u0438\u043c\u043e \u0434\u043b\u044f \u0434\u043e\u0441\u0442\u0438\u0436\u0435\u043d\u0438\u044f \u0446\u0435\u043b\u0438 \u0438\u043b\u0438 \u0432 \u0441\u043e\u043e\u0442\u0432\u0435\u0442\u0441\u0442\u0432\u0438\u0438 \u0441 \u0437\u0430\u043a\u043e\u043d\u043e\u043c:<\/p>\n\n\n\n<p>\u0414\u0430\u043d\u043d\u044b\u0435, \u0441\u0432\u044f\u0437\u0430\u043d\u043d\u044b\u0435 \u0441 \u043a\u043b\u0438\u0435\u043d\u0442\u0441\u043a\u0438\u043c\u0438 \u043e\u0442\u043d\u043e\u0448\u0435\u043d\u0438\u044f\u043c\u0438, \u0445\u0440\u0430\u043d\u044f\u0442\u0441\u044f \u0434\u043e \u043f\u0440\u0435\u043a\u0440\u0430\u0449\u0435\u043d\u0438\u044f \u044d\u0442\u0438\u0445 \u043e\u0442\u043d\u043e\u0448\u0435\u043d\u0438\u0439 \u0438\u043b\u0438 \u0434\u043e \u0442\u0435\u0445 \u043f\u043e\u0440, \u043f\u043e\u043a\u0430 \u0432\u044b \u043d\u0435 \u043f\u043e\u043f\u0440\u043e\u0441\u0438\u0442\u0435 \u0438\u0445 \u0443\u0434\u0430\u043b\u0438\u0442\u044c.<\/p>\n\n\n\n<p>\u0414\u043e\u043a\u0443\u043c\u0435\u043d\u0442\u044b, \u0441\u0432\u044f\u0437\u0430\u043d\u043d\u044b\u0435 \u0441 \u0431\u0443\u0445\u0433\u0430\u043b\u0442\u0435\u0440\u0441\u043a\u0438\u043c \u0443\u0447\u0435\u0442\u043e\u043c, \u043c\u044b \u0445\u0440\u0430\u043d\u0438\u043c 7 \u043b\u0435\u0442 \u0432 \u0441\u043e\u043e\u0442\u0432\u0435\u0442\u0441\u0442\u0432\u0438\u0438 \u0441 \u0437\u0430\u043a\u043e\u043d\u043e\u043c.<\/p>\n\n\n\n<p>8. \u0412\u0430\u0448\u0438 \u043f\u0440\u0430\u0432\u0430<\/p>\n\n\n\n<p>\u0423 \u0432\u0430\u0441 \u0435\u0441\u0442\u044c \u0441\u043b\u0435\u0434\u0443\u044e\u0449\u0438\u0435 \u043f\u0440\u0430\u0432\u0430 \u0432 \u043b\u044e\u0431\u043e\u0435 \u0432\u0440\u0435\u043c\u044f:<\/p>\n\n\n\n<p>\u041f\u0440\u0430\u0432\u043e \u043e\u0437\u043d\u0430\u043a\u043e\u043c\u0438\u0442\u044c\u0441\u044f \u0441\u043e \u0441\u0432\u043e\u0438\u043c\u0438 \u0434\u0430\u043d\u043d\u044b\u043c\u0438 \u0438 \u043f\u043e\u043b\u0443\u0447\u0438\u0442\u044c \u0438\u0445 \u043a\u043e\u043f\u0438\u0438.<\/p>\n\n\n\n<p>\u041f\u0440\u0430\u0432\u043e \u043d\u0430 \u0438\u0441\u043f\u0440\u0430\u0432\u043b\u0435\u043d\u0438\u0435 \u0434\u0430\u043d\u043d\u044b\u0445.<\/p>\n\n\n\n<p>\u041f\u0440\u0430\u0432\u043e \u043d\u0430 \u0443\u0434\u0430\u043b\u0435\u043d\u0438\u0435 \u0434\u0430\u043d\u043d\u044b\u0445, \u0435\u0441\u043b\u0438 \u0434\u043b\u044f \u0438\u0445 \u0445\u0440\u0430\u043d\u0435\u043d\u0438\u044f \u043d\u0435\u0442 \u0437\u0430\u043a\u043e\u043d\u043d\u044b\u0445 \u043e\u0441\u043d\u043e\u0432\u0430\u043d\u0438\u0439.<\/p>\n\n\n\n<p>\u041f\u0440\u0430\u0432\u043e \u043e\u0442\u043e\u0437\u0432\u0430\u0442\u044c \u0441\u0432\u043e\u0435 \u0441\u043e\u0433\u043b\u0430\u0441\u0438\u0435 \u0432 \u043b\u044e\u0431\u043e\u0435 \u0432\u0440\u0435\u043c\u044f (\u043d\u0430\u043f\u0440\u0438\u043c\u0435\u0440, \u043e\u0442\u043a\u0430\u0437\u0430\u0442\u044c\u0441\u044f \u043e\u0442 \u043c\u0430\u0440\u043a\u0435\u0442\u0438\u043d\u0433\u043e\u0432\u044b\u0445 \u0441\u043e\u043e\u0431\u0449\u0435\u043d\u0438\u0439).<\/p>\n\n\n\n<p>\u0414\u043b\u044f \u0440\u0435\u0430\u043b\u0438\u0437\u0430\u0446\u0438\u0438 \u0441\u0432\u043e\u0438\u0445 \u043f\u0440\u0430\u0432, \u043f\u043e\u0436\u0430\u043b\u0443\u0439\u0441\u0442\u0430, \u0441\u0432\u044f\u0436\u0438\u0442\u0435\u0441\u044c \u0441 \u043d\u0430\u043c\u0438: kodu@krausskinnisvara.ee. \u041c\u044b \u043e\u0442\u0432\u0435\u0442\u0438\u043c \u043d\u0430 \u0432\u0430\u0448 \u0437\u0430\u043f\u0440\u043e\u0441 \u0432 \u0442\u0435\u0447\u0435\u043d\u0438\u0435 30 \u0434\u043d\u0435\u0439.<\/p>\n\n\n\n<p>9. \u041f\u043e\u0434\u0430\u0447\u0430 \u0436\u0430\u043b\u043e\u0431<\/p>\n\n\n\n<p>\u0415\u0441\u043b\u0438 \u0432\u044b \u0441\u0447\u0438\u0442\u0430\u0435\u0442\u0435, \u0447\u0442\u043e \u043f\u0440\u0438 \u043e\u0431\u0440\u0430\u0431\u043e\u0442\u043a\u0435 \u0432\u0430\u0448\u0438\u0445 \u043f\u0435\u0440\u0441\u043e\u043d\u0430\u043b\u044c\u043d\u044b\u0445 \u0434\u0430\u043d\u043d\u044b\u0445 \u043d\u0430\u0440\u0443\u0448\u0430\u044e\u0442\u0441\u044f \u0432\u0430\u0448\u0438 \u043f\u0440\u0430\u0432\u0430, \u0432\u044b \u0438\u043c\u0435\u0435\u0442\u0435 \u043f\u0440\u0430\u0432\u043e \u043e\u0431\u0440\u0430\u0442\u0438\u0442\u044c\u0441\u044f \u0432 \u0418\u043d\u0441\u043f\u0435\u043a\u0446\u0438\u044e \u043f\u043e \u0437\u0430\u0449\u0438\u0442\u0435 \u0434\u0430\u043d\u043d\u044b\u0445 (Tatari 39, 10134 Tallinn, info@aki.ee, www.aki.ee).<\/p>","protected":false},"excerpt":{"rendered":"<p>Privaatsuspoliitika 1. \u00dclds\u00e4tted K\u00e4esolev privaatsuspoliitika kirjeldab, kuidas Krauss Kinnisvara O\u00dc (edaspidi &#8220;Meie&#8221;) t\u00f6\u00f6tleb klientide ja veebilehe k\u00fclastajate isikuandmeid. L\u00e4htume isikuandmete t\u00f6\u00f6tlemisel Euroopa Liidu isikuandmete kaitse \u00fcldm\u00e4\u00e4rusest (GDPR) ja Eesti Vabariigi isikuandmete kaitse seadusest. 2. Vastutav t\u00f6\u00f6tleja Isikuandmete vastutav t\u00f6\u00f6tleja on: Nimi: Krauss Kinnisvara O\u00dc Registrikood: 12249271 Aadress: Vesilennuki tn 18, P\u00f5hja-Tallinna linnaosa, 10415 Tallinn, Harju [&hellip;]<\/p>\n","protected":false},"author":1,"featured_media":0,"parent":0,"menu_order":24,"comment_status":"closed","ping_status":"closed","template":"","meta":{"_acf_changed":false,"footnotes":""},"categories":[],"tags":[152],"class_list":["post-16","page","type-page","status-publish","hentry","tag-politic"],"acf":[],"_links":{"self":[{"href":"https:\/\/krausskinnisvara.ee\/ru\/wp-json\/wp\/v2\/pages\/16","targetHints":{"allow":["GET"]}}],"collection":[{"href":"https:\/\/krausskinnisvara.ee\/ru\/wp-json\/wp\/v2\/pages"}],"about":[{"href":"https:\/\/krausskinnisvara.ee\/ru\/wp-json\/wp\/v2\/types\/page"}],"author":[{"embeddable":true,"href":"https:\/\/krausskinnisvara.ee\/ru\/wp-json\/wp\/v2\/users\/1"}],"replies":[{"embeddable":true,"href":"https:\/\/krausskinnisvara.ee\/ru\/wp-json\/wp\/v2\/comments?post=16"}],"version-history":[{"count":2,"href":"https:\/\/krausskinnisvara.ee\/ru\/wp-json\/wp\/v2\/pages\/16\/revisions"}],"predecessor-version":[{"id":11272,"href":"https:\/\/krausskinnisvara.ee\/ru\/wp-json\/wp\/v2\/pages\/16\/revisions\/11272"}],"wp:attachment":[{"href":"https:\/\/krausskinnisvara.ee\/ru\/wp-json\/wp\/v2\/media?parent=16"}],"wp:term":[{"taxonomy":"category","embeddable":true,"href":"https:\/\/krausskinnisvara.ee\/ru\/wp-json\/wp\/v2\/categories?post=16"},{"taxonomy":"post_tag","embeddable":true,"href":"https:\/\/krausskinnisvara.ee\/ru\/wp-json\/wp\/v2\/tags?post=16"}],"curies":[{"name":"wp","href":"https:\/\/api.w.org\/{rel}","templated":true}]}}